{"id":79,"date":"2014-08-04T18:41:10","date_gmt":"2014-08-04T22:41:10","guid":{"rendered":"http:\/\/donnadrewsawyer.com\/?page_id=79"},"modified":"2016-03-15T10:34:15","modified_gmt":"2016-03-15T14:34:15","slug":"about-provenance-a-novel","status":"publish","type":"page","link":"https:\/\/donnadrewsawyer.com\/?page_id=79","title":{"rendered":"The\u00a0Unforgettable Tale of a Family&#8217;s Determination to Live &#8220;Undefined&#8221; by Race"},"content":{"rendered":"<h5><em>Provenance<\/em> is a sweeping family saga set\u00a0in\u00a0the early 20th century\u2014after the Civil War and before the\u00a0civil rights era\u2014a time when the destiny of a black family <em>had<\/em> to be self-determined. It is an unforgettable tale of the choices and chances that determined men and women took to live the life they imagined for themselves.\u00a0<em>Provenance<\/em> paints a vivid picture of the courage, love, loss, beauty, passion, history and healing that strengthened and preserved American families.<\/h5>\n<h5 style=\"text-align: center;\"><a href=\"https:\/\/read.amazon.com\/kp\/embed?asin=B014X54E4A&amp;preview=newtab&amp;linkCode=kpe&amp;ref_=cm_sw_r_kb_dp_sIb6wb0E72ZQP&amp;tag=Entretude-20\" target=\"_blank\">Click this link to read an <strong>Excerpt<\/strong> from <em>Provenance<\/em><\/a><\/h5>\n<p>In the tradition of <em>Passing<\/em>,\u00a0Nella Larsen\u2019s seminal classic on race\u00a0and\u00a0<em>The Goldfinch<\/em>, Donna Tartt&#8217;s art-infused coming-of-age epic, <a href=\"https:\/\/donnadrewsawyer.com\/?page_id=18\">Donna Drew Sawyer<\/a>\u2019s, <em>Provenance<\/em>, is a tale of triumph despite tragedy. It is the exciting story of a family\u2019s quest to ensure their own destiny during the early 20th century\u2014a fascinating period in African\u00a0American history that is rarely explored in literary fiction. For African American men and women, it was a time when risking everything to take more than society was willing to offer was a daring and often solitary act.<\/p>\n<p>Hank Whitaker longed for more than a black man in Virginia could have in the early 20<sup>th<\/sup> century. When a fateful incident forces him to use his racially ambiguous looks to escape certain death, Hank assumes the identity of the same people who revile him. He never imagined he would fall in love and marry a white woman, but spirited Maggie Bennett changes everything. Now, Hank can never return to being the man he used to be. If the secret of his heritage is revealed he loses everything\u2014his family, his successful business and his life.<\/p>\n<p>But tragedy strikes again, and Hank is forced to confesses to his wife and 18-year-old son, Lance, that he is really a black man passing as white. The revelation that he is not the privileged scion of the segregated south launches Lance, along with his mother Maggie and his grandmother, Charlotte, on an epic journey.\u00a0Charlotte is running from a past her family knows nothing about. Maggie is reeling from her husband\u2019s secret. She is also desperate to escape prosecution\u2014 interracial marriage is illegal under Virginia\u2019s Racial Integrity Act making Maggie a criminal and her beloved son a bastard, and a Negro, in the heart of the segregated south.<\/p>\n<p>Like many African Americans, more than 200,000 before World War I, the family flees the U.S. hoping to find freedom in the libert\u00e9, \u00e9galit\u00e9, fraternit\u00e9 of France. Among the wealthy expats in Europe, Lance finds passion and purpose in the frenzied art scene in the City of Light. With World War II on the horizon, the family is forced to return to America\u00a0where their legacy of lies may make happiness an elusive aspiration.<\/p>\n<h5><\/h5>\n<h5><a href=\"https:\/\/donnadrewsawyer.com\/wp-content\/uploads\/2014\/08\/Provenance-Press-Release-FINAL-4-1-16.pdf\" rel=\"\">Provenance Press Release<\/a><\/h5>\n<p><strong><em>Provenance<\/em>\u00a0is available in Hardcover, Paperback and eBook formats from:<\/strong><\/p>\n<p><strong><a href=\"http:\/\/www.amazon.com\/Provenance-Novel-Donna-Drew-Sawyer\/dp\/0991614321\/ref=sr_1_3_twi_pap_2?s=books&amp;ie=UTF8&amp;qid=1443995326&amp;sr=1-3&amp;keywords=provenance\" target=\"_blank\"><img loading=\"lazy\" decoding=\"async\" class=\"alignnone size-full wp-image-78585\" src=\"https:\/\/donnadrewsawyer.com\/wp-content\/uploads\/2014\/08\/amazon.com-logo-e1452536521435.jpg\" alt=\"amazon.com logo\" width=\"111\" height=\"33\" \/><\/a>\u00a0\u00a0<a href=\"http:\/\/www.barnesandnoble.com\/w\/provenance-donna-drew-sawyer\/1122615302?ean=9780991614325\" target=\"_blank\"><img loading=\"lazy\" decoding=\"async\" class=\"alignnone size-full wp-image-78586\" src=\"https:\/\/donnadrewsawyer.com\/wp-content\/uploads\/2014\/08\/barnes-and-noble-online-logo-cropped-e1452536651120.jpg\" alt=\"barnes-and-noble-online-logo-cropped\" width=\"111\" height=\"46\" \/><\/a>\u00a0\u00a0<a href=\"http:\/\/www.indiebound.org\/book\/9780991614325\" target=\"_blank\"><img loading=\"lazy\" decoding=\"async\" class=\"alignnone size-full wp-image-78549\" src=\"https:\/\/donnadrewsawyer.com\/wp-content\/uploads\/2015\/12\/indiebound-logo.png\" alt=\"indiebound logo\" width=\"96\" height=\"37\" \/><\/a>\u00a0\u00a0<a href=\"https:\/\/itunes.apple.com\/us\/book\/provenance\/id1037135309?mt=11\" target=\"_blank\"><img loading=\"lazy\" decoding=\"async\" class=\"alignnone size-full wp-image-78556\" src=\"https:\/\/donnadrewsawyer.com\/wp-content\/uploads\/2015\/12\/Get_it_on_iBooks_Badge_US_1114.png\" alt=\"Get_it_on_iBooks_Badge_US_1114\" width=\"111\" height=\"40\" \/><\/a>\u00a0\u00a0\u00a0 \u00a0 <a href=\"https:\/\/store.kobobooks.com\/en-ca\/ebook\/provenance-a-novel\" target=\"_blank\"><img loading=\"lazy\" decoding=\"async\" class=\"alignnone size-full wp-image-78587\" src=\"https:\/\/donnadrewsawyer.com\/wp-content\/uploads\/2014\/08\/Kobo_logo_2015.svg_-e1452537886854.png\" alt=\"Kobo_logo_(2015).svg\" width=\"111\" height=\"32\" \/><\/a>\u00a0\u00a0<\/strong><strong><br \/>\n<\/strong><\/p>\n<p>&nbsp;<\/p>\n","protected":false},"excerpt":{"rendered":"<p>Provenance is a sweeping family saga set\u00a0in\u00a0the early 20th century\u2014after the Civil War and before the\u00a0civil rights era\u2014a time when the destiny of a black family had to be self-determined. It is an unforgettable tale of the choices and chances that determined men and women took to live the life they imagined for themselves.\u00a0Provenance paints [&hellip;]<\/p>\n","protected":false},"author":2,"featured_media":78517,"parent":0,"menu_order":0,"comment_status":"open","ping_status":"closed","template":"","meta":{"sfsi_plus_gutenberg_text_before_share":"","sfsi_plus_gutenberg_show_text_before_share":"","sfsi_plus_gutenberg_icon_type":"","sfsi_plus_gutenberg_icon_alignemt":"","sfsi_plus_gutenburg_max_per_row":"","footnotes":""},"class_list":["post-79","page","type-page","status-publish","has-post-thumbnail","hentry"],"_links":{"self":[{"href":"https:\/\/donnadrewsawyer.com\/index.php?rest_route=\/wp\/v2\/pages\/79","targetHints":{"allow":["GET"]}}],"collection":[{"href":"https:\/\/donnadrewsawyer.com\/index.php?rest_route=\/wp\/v2\/pages"}],"about":[{"href":"https:\/\/donnadrewsawyer.com\/index.php?rest_route=\/wp\/v2\/types\/page"}],"author":[{"embeddable":true,"href":"https:\/\/donnadrewsawyer.com\/index.php?rest_route=\/wp\/v2\/users\/2"}],"replies":[{"embeddable":true,"href":"https:\/\/donnadrewsawyer.com\/index.php?rest_route=%2Fwp%2Fv2%2Fcomments&post=79"}],"version-history":[{"count":37,"href":"https:\/\/donnadrewsawyer.com\/index.php?rest_route=\/wp\/v2\/pages\/79\/revisions"}],"predecessor-version":[{"id":78769,"href":"https:\/\/donnadrewsawyer.com\/index.php?rest_route=\/wp\/v2\/pages\/79\/revisions\/78769"}],"wp:featuredmedia":[{"embeddable":true,"href":"https:\/\/donnadrewsawyer.com\/index.php?rest_route=\/wp\/v2\/media\/78517"}],"wp:attachment":[{"href":"https:\/\/donnadrewsawyer.com\/index.php?rest_route=%2Fwp%2Fv2%2Fmedia&parent=79"}],"curies":[{"name":"wp","href":"https:\/\/api.w.org\/{rel}","templated":true}]}}